{"id":64,"date":"2020-02-04T00:45:29","date_gmt":"2020-02-04T00:45:29","guid":{"rendered":"https:\/\/xlibrium.cl\/publico\/?page_id=64"},"modified":"2020-09-18T17:26:22","modified_gmt":"2020-09-18T17:26:22","slug":"equipo","status":"publish","type":"page","link":"https:\/\/xlibrium.cl\/publico\/equipo\/","title":{"rendered":"Nuestro Equipo"},"content":{"rendered":"<p>[vc_row][vc_column width=\u00bb1\/6&#8243;][\/vc_column][vc_column width=\u00bb2\/3&#8243;][vc_empty_space height=\u00bb25px\u00bb][vc_column_text]<\/p>\n<p style=\"text-align: center;\">En<strong> Xlibrium<\/strong> contamos con una amplia red de profesionales consultores asociados. El modelo de negocio de la Empresa contempla la b\u00fasqueda y selecci\u00f3n de reconocidos profesionales en su \u00e1mbito para cada uno de sus proyectos, siendo uno de los requisitos fundamentales para su incorporaci\u00f3n haber aplicado concretamente aspectos te\u00f3ricos de su profesi\u00f3n.<\/p>\n<p><img loading=\"lazy\" class=\"aligncenter size-full wp-image-54\" src=\"https:\/\/xlibrium.cl\/publico\/wp-content\/uploads\/2020\/02\/linea.png\" alt=\"\" width=\"120\" height=\"7\" \/>[\/vc_column_text][\/vc_column][vc_column width=\u00bb1\/6&#8243;][\/vc_column][\/vc_row][vc_row][vc_column width=\u00bb2\/3&#8243;][vc_row_inner][vc_column_inner width=\u00bb1\/2&#8243;][vc_single_image image=\u00bb755&#8243; img_size=\u00bb250&#215;300&#8243; alignment=\u00bbcenter\u00bb][vc_column_text]<\/p>\n<p style=\"text-align: center;\"><strong>Felipe Cabello<\/strong><\/p>\n<p style=\"text-align: center;\">Ingeniero Comercial Finanzas<br \/>\nUniversidad de Santiago de Chile<\/p>\n<p>[\/vc_column_text][\/vc_column_inner][vc_column_inner width=\u00bb1\/2&#8243;][\/vc_column_inner][\/vc_row_inner][\/vc_column][vc_column width=\u00bb1\/6&#8243;][\/vc_column][\/vc_row][vc_row][vc_column width=\u00bb1\/4&#8243;][vc_single_image image=\u00bb752&#8243; img_size=\u00bb250&#215;240&#8243; alignment=\u00bbcenter\u00bb][vc_column_text]<\/p>\n<p style=\"text-align: center;\"><strong>Jorge Acevedo<\/strong><\/p>\n<p style=\"text-align: center;\">Bachelor\u00a0 Finanzas<br \/>\nUniversity Indiana<\/p>\n<p>[\/vc_column_text][\/vc_column][vc_column width=\u00bb1\/4&#8243;][vc_single_image image=\u00bb750&#8243; img_size=\u00bb250&#215;240&#8243; alignment=\u00bbcenter\u00bb][vc_column_text]<\/p>\n<p style=\"text-align: center;\"><strong>Brunilda Orellana<\/strong><\/p>\n<p style=\"text-align: center;\">Ingeniera Comercial<br \/>\nUniversidad Cat\u00f3lica Valpara\u00edso<\/p>\n<p>[\/vc_column_text][\/vc_column][\/vc_row][vc_row][vc_column width=\u00bb1\/4&#8243;][vc_single_image image=\u00bb747&#8243; img_size=\u00bb250&#215;240&#8243; alignment=\u00bbcenter\u00bb][vc_column_text]<\/p>\n<p style=\"text-align: center;\"><strong>Katherinne Barra<\/strong><\/p>\n<p style=\"text-align: center;\">Administradora P\u00fablica<br \/>\nUniversidad de Chile<\/p>\n<p>[\/vc_column_text][\/vc_column][vc_column width=\u00bb1\/4&#8243;][vc_single_image image=\u00bb745&#8243; img_size=\u00bb250&#215;240&#8243; alignment=\u00bbcenter\u00bb][vc_column_text]<\/p>\n<p style=\"text-align: center;\"><strong>Fernando Capetillo<\/strong><\/p>\n<p style=\"text-align: center;\">Ingeniero Marketing<br \/>\nUniversidad de las Am\u00e9ricas<\/p>\n<p>[\/vc_column_text][\/vc_column][vc_column width=\u00bb1\/4&#8243;][vc_single_image image=\u00bb743&#8243; img_size=\u00bb250&#215;240&#8243; alignment=\u00bbcenter\u00bb][vc_column_text]<\/p>\n<p style=\"text-align: center;\"><strong>Francisca Cruz<\/strong><\/p>\n<p style=\"text-align: center;\">Ingeniera Finanzas<br \/>\nInacap<\/p>\n<p>[\/vc_column_text][\/vc_column][vc_column width=\u00bb1\/4&#8243;][vc_single_image image=\u00bb737&#8243; img_size=\u00bb250&#215;240&#8243; alignment=\u00bbcenter\u00bb][vc_column_text]<\/p>\n<p style=\"text-align: center;\"><strong>Daniel del Rio<\/strong><\/p>\n<p style=\"text-align: center;\">Ingeniero Comercial Economista<br \/>\nUniversidad de Santiago de Chile<\/p>\n<p>[\/vc_column_text][\/vc_column][\/vc_row]<\/p>\n","protected":false},"excerpt":{"rendered":"<p>[vc_row][vc_column width=\u00bb1\/6&#8243;][\/vc_column][vc_column width=\u00bb2\/3&#8243;][vc_empty_space height=\u00bb25px\u00bb][vc_column_text] En Xlibrium contamos con una amplia red de profesionales consultores asociados. El modelo de negocio de la Empresa contempla la b\u00fasqueda y selecci\u00f3n de reconocidos profesionales en su \u00e1mbito para cada uno de sus proyectos, siendo uno de los requisitos fundamentales para su incorporaci\u00f3n haber aplicado concretamente aspectos te\u00f3ricos de su &hellip;<\/p>\n<p class=\"read-more\"> <a class=\"\" href=\"https:\/\/xlibrium.cl\/publico\/equipo\/\"> <span class=\"screen-reader-text\">Nuestro Equipo<\/span> Leer m\u00e1s &raquo;<\/a><\/p>\n","protected":false},"author":1,"featured_media":0,"parent":0,"menu_order":0,"comment_status":"closed","ping_status":"closed","template":"","meta":[],"yoast_head":"<!-- This site is optimized with the Yoast SEO plugin v14.2 - https:\/\/yoast.com\/wordpress\/plugins\/seo\/ -->\n<title>Nuestro Equipo - Xlibrium Gesti\u00f3n Municipal<\/title>\n<meta name=\"robots\" content=\"index, follow\" \/>\n<meta name=\"googlebot\" content=\"index, follow, max-snippet:-1, max-image-preview:large, max-video-preview:-1\" \/>\n<meta name=\"bingbot\" content=\"index, follow, max-snippet:-1, max-image-preview:large, max-video-preview:-1\" \/>\n<link rel=\"canonical\" href=\"https:\/\/xlibrium.cl\/publico\/equipo\/\" \/>\n<meta property=\"og:locale\" content=\"es_ES\" \/>\n<meta property=\"og:type\" content=\"article\" \/>\n<meta property=\"og:title\" content=\"Nuestro Equipo - Xlibrium Gesti\u00f3n Municipal\" \/>\n<meta property=\"og:description\" content=\"[vc_row][vc_column width=\u00bb1\/6&#8243;][\/vc_column][vc_column width=\u00bb2\/3&#8243;][vc_empty_space height=\u00bb25px\u00bb][vc_column_text] En Xlibrium contamos con una amplia red de profesionales consultores asociados. El modelo de negocio de la Empresa contempla la b\u00fasqueda y selecci\u00f3n de reconocidos profesionales en su \u00e1mbito para cada uno de sus proyectos, siendo uno de los requisitos fundamentales para su incorporaci\u00f3n haber aplicado concretamente aspectos te\u00f3ricos de su &hellip; Nuestro Equipo Leer m\u00e1s &raquo;\" \/>\n<meta property=\"og:url\" content=\"https:\/\/xlibrium.cl\/publico\/equipo\/\" \/>\n<meta property=\"og:site_name\" content=\"Xlibrium Gesti\u00f3n Municipal\" \/>\n<meta property=\"article:modified_time\" content=\"2020-09-18T17:26:22+00:00\" \/>\n<meta property=\"og:image\" content=\"https:\/\/xlibrium.cl\/publico\/wp-content\/uploads\/2020\/02\/linea.png\" \/>\n<meta name=\"twitter:card\" content=\"summary_large_image\" \/>\n<script type=\"application\/ld+json\" class=\"yoast-schema-graph\">{\"@context\":\"https:\/\/schema.org\",\"@graph\":[{\"@type\":\"WebSite\",\"@id\":\"https:\/\/xlibrium.cl\/publico\/#website\",\"url\":\"https:\/\/xlibrium.cl\/publico\/\",\"name\":\"Xlibrium Gesti\\u00f3n Municipal\",\"description\":\"Consulting\",\"potentialAction\":[{\"@type\":\"SearchAction\",\"target\":\"https:\/\/xlibrium.cl\/publico\/?s={search_term_string}\",\"query-input\":\"required name=search_term_string\"}],\"inLanguage\":\"es\"},{\"@type\":\"ImageObject\",\"@id\":\"https:\/\/xlibrium.cl\/publico\/equipo\/#primaryimage\",\"inLanguage\":\"es\",\"url\":\"https:\/\/xlibrium.cl\/publico\/wp-content\/uploads\/2020\/02\/linea.png\",\"width\":120,\"height\":7},{\"@type\":\"WebPage\",\"@id\":\"https:\/\/xlibrium.cl\/publico\/equipo\/#webpage\",\"url\":\"https:\/\/xlibrium.cl\/publico\/equipo\/\",\"name\":\"Nuestro Equipo - Xlibrium Gesti\\u00f3n Municipal\",\"isPartOf\":{\"@id\":\"https:\/\/xlibrium.cl\/publico\/#website\"},\"primaryImageOfPage\":{\"@id\":\"https:\/\/xlibrium.cl\/publico\/equipo\/#primaryimage\"},\"datePublished\":\"2020-02-04T00:45:29+00:00\",\"dateModified\":\"2020-09-18T17:26:22+00:00\",\"inLanguage\":\"es\",\"potentialAction\":[{\"@type\":\"ReadAction\",\"target\":[\"https:\/\/xlibrium.cl\/publico\/equipo\/\"]}]}]}<\/script>\n<!-- \/ Yoast SEO plugin. -->","_links":{"self":[{"href":"https:\/\/xlibrium.cl\/publico\/wp-json\/wp\/v2\/pages\/64"}],"collection":[{"href":"https:\/\/xlibrium.cl\/publico\/wp-json\/wp\/v2\/pages"}],"about":[{"href":"https:\/\/xlibrium.cl\/publico\/wp-json\/wp\/v2\/types\/page"}],"author":[{"embeddable":true,"href":"https:\/\/xlibrium.cl\/publico\/wp-json\/wp\/v2\/users\/1"}],"replies":[{"embeddable":true,"href":"https:\/\/xlibrium.cl\/publico\/wp-json\/wp\/v2\/comments?post=64"}],"version-history":[{"count":27,"href":"https:\/\/xlibrium.cl\/publico\/wp-json\/wp\/v2\/pages\/64\/revisions"}],"predecessor-version":[{"id":757,"href":"https:\/\/xlibrium.cl\/publico\/wp-json\/wp\/v2\/pages\/64\/revisions\/757"}],"wp:attachment":[{"href":"https:\/\/xlibrium.cl\/publico\/wp-json\/wp\/v2\/media?parent=64"}],"curies":[{"name":"wp","href":"https:\/\/api.w.org\/{rel}","templated":true}]}}