{"id":231,"date":"2020-04-20T17:18:51","date_gmt":"2020-04-20T17:18:51","guid":{"rendered":"https:\/\/xlibrium.cl\/publico\/?page_id=231"},"modified":"2020-09-18T09:30:47","modified_gmt":"2020-09-18T09:30:47","slug":"sector-publico","status":"publish","type":"page","link":"https:\/\/xlibrium.cl\/publico\/sector-publico\/","title":{"rendered":"Sector P\u00fablico"},"content":{"rendered":"<p>[vc_row][vc_column][vc_empty_space][vc_column_text]<\/p>\n<h2 style=\"text-align: center;\">Xlibrium Sector P\u00fablico<\/h2>\n<p><img loading=\"lazy\" class=\"aligncenter size-full wp-image-54\" src=\"https:\/\/xlibrium.cl\/publico\/wp-content\/uploads\/2020\/02\/linea.png\" alt=\"\" width=\"120\" height=\"7\" \/>[\/vc_column_text][\/vc_column][\/vc_row][vc_row][vc_column][vc_tta_tabs style=\u00bbmodern\u00bb shape=\u00bbsquare\u00bb active_section=\u00bb1&#8243;][vc_tta_section title=\u00bbGesti\u00f3n Presupuestaria\u00bb tab_id=\u00bb1588640726338-47e2a23d-3e89&#8243;][vc_column_text]A trav\u00e9s del estudio y el an\u00e1lisis del presupuesto y ejecuci\u00f3n presupuestaria, realizamos un diagn\u00f3stico de la situaci\u00f3n financiera presupuestaria proponiendo un conjunto de Acciones de Mejora Inmediata. Los entregables de este daign\u00f3stico son:<\/p>\n<ul>\n<li>Informe de Diagn\u00f3stico<\/li>\n<li>Matriz de riesgo<\/li>\n<li>Informe de Acciones de Mejora Inmediata<\/li>\n<li>Bases de datos con indicadores de control y evaluaci\u00f3n<\/li>\n<li>Presentaci\u00f3n de Resultados<\/li>\n<li>Capacitaci\u00f3n<\/li>\n<\/ul>\n<p>[\/vc_column_text][\/vc_tta_section][vc_tta_section title=\u00bbEvaluaci\u00f3n de Proyectos y Programas\u00bb tab_id=\u00bb1588640726368-fca6ff45-7a34&#8243;][vc_column_text]Utilizamos metodolog\u00eda de formulaci\u00f3n y evaluaci\u00f3n social de iniciativas del Sistema Nacional de Inversiones, metodolog\u00eda de Evaluaci\u00f3n de Proyectos de CEPAL, metodolog\u00eda de Evaluaci\u00f3n Privada y Social de proyectos desarrollada y aplicada por Xlibrium.<\/p>\n<p>Accedemos a la informaci\u00f3n interna de la organizaci\u00f3n e informaci\u00f3n abierta; Dise\u00f1amos y evaluamos proyectos relacionados con los servicios y\/o generamos nuevos proyectos; Dise\u00f1amos y evaluamos programas entregando una evaluaci\u00f3n social, financiera y econ\u00f3mica para su presentaci\u00f3n. Los entregables de la evaluaci\u00f3n son:<\/p>\n<ul>\n<li>Informe con el Dise\u00f1o o Evaluaci\u00f3n de Proyecto y Programas<\/li>\n<li>Formulaci\u00f3n de proyectos con evaluaci\u00f3n econ\u00f3mica<\/li>\n<li>VAN<\/li>\n<li>TIR<\/li>\n<\/ul>\n<p>[\/vc_column_text][\/vc_tta_section][vc_tta_section title=\u00bbProcesos y Procedimientos\u00bb tab_id=\u00bb1588640892976-c5ece011-60fc\u00bb][vc_column_text]A partir de una etapa de levantamiento, posteriormente estamos en condiciones de dise\u00f1ar y optimizar los procedimientos por \u00e1rea de servicio. Los entregables son:<\/p>\n<ul>\n<li>Manual con el cat\u00e1logo de procesos<\/li>\n<li>Diagramas y flujos<\/li>\n<li>Indicadores.<\/li>\n<\/ul>\n<p>[\/vc_column_text][\/vc_tta_section][vc_tta_section title=\u00bbMatriz de Riesgo\u00bb tab_id=\u00bb1588640955009-aa730eac-77f8&#8243;][vc_column_text]Aplicamos la Matriz de Riesgo utilizada por el Sector P\u00fablico de acuerdo con modelo metodol\u00f3gico para el Proceso de Gesti\u00f3n de Riesgos, bajo NCh-ISO 31000:2012 del CAIGG. Los entregables son:<\/p>\n<ul>\n<li>Planilla Excel con Matriz de Riesgo<\/li>\n<li>Capacitaci\u00f3n para el seguimiento<\/li>\n<li>An\u00e1lisis de indicadores<\/li>\n<li>Panel de control<\/li>\n<\/ul>\n<p>[\/vc_column_text][\/vc_tta_section][\/vc_tta_tabs][\/vc_column][\/vc_row]<\/p>\n","protected":false},"excerpt":{"rendered":"<p>[vc_row][vc_column][vc_empty_space][vc_column_text] Xlibrium Sector P\u00fablico [\/vc_column_text][\/vc_column][\/vc_row][vc_row][vc_column][vc_tta_tabs style=\u00bbmodern\u00bb shape=\u00bbsquare\u00bb active_section=\u00bb1&#8243;][vc_tta_section title=\u00bbGesti\u00f3n Presupuestaria\u00bb tab_id=\u00bb1588640726338-47e2a23d-3e89&#8243;][vc_column_text]A trav\u00e9s del estudio y el an\u00e1lisis del presupuesto y ejecuci\u00f3n presupuestaria, realizamos un diagn\u00f3stico de la situaci\u00f3n financiera presupuestaria proponiendo un conjunto de Acciones de Mejora Inmediata. Los entregables de este daign\u00f3stico son: Informe de Diagn\u00f3stico Matriz de riesgo Informe de Acciones de Mejora &hellip;<\/p>\n<p class=\"read-more\"> <a class=\"\" href=\"https:\/\/xlibrium.cl\/publico\/sector-publico\/\"> <span class=\"screen-reader-text\">Sector P\u00fablico<\/span> Leer m\u00e1s &raquo;<\/a><\/p>\n","protected":false},"author":1,"featured_media":0,"parent":0,"menu_order":0,"comment_status":"closed","ping_status":"closed","template":"","meta":[],"yoast_head":"<!-- This site is optimized with the Yoast SEO plugin v14.2 - https:\/\/yoast.com\/wordpress\/plugins\/seo\/ -->\n<title>Sector P\u00fablico - Xlibrium Gesti\u00f3n Municipal<\/title>\n<meta name=\"robots\" content=\"index, follow\" \/>\n<meta name=\"googlebot\" content=\"index, follow, max-snippet:-1, max-image-preview:large, max-video-preview:-1\" \/>\n<meta name=\"bingbot\" content=\"index, follow, max-snippet:-1, max-image-preview:large, max-video-preview:-1\" \/>\n<link rel=\"canonical\" href=\"https:\/\/xlibrium.cl\/publico\/sector-publico\/\" \/>\n<meta property=\"og:locale\" content=\"es_ES\" \/>\n<meta property=\"og:type\" content=\"article\" \/>\n<meta property=\"og:title\" content=\"Sector P\u00fablico - Xlibrium Gesti\u00f3n Municipal\" \/>\n<meta property=\"og:description\" content=\"[vc_row][vc_column][vc_empty_space][vc_column_text] Xlibrium Sector P\u00fablico [\/vc_column_text][\/vc_column][\/vc_row][vc_row][vc_column][vc_tta_tabs style=\u00bbmodern\u00bb shape=\u00bbsquare\u00bb active_section=\u00bb1&#8243;][vc_tta_section title=\u00bbGesti\u00f3n Presupuestaria\u00bb tab_id=\u00bb1588640726338-47e2a23d-3e89&#8243;][vc_column_text]A trav\u00e9s del estudio y el an\u00e1lisis del presupuesto y ejecuci\u00f3n presupuestaria, realizamos un diagn\u00f3stico de la situaci\u00f3n financiera presupuestaria proponiendo un conjunto de Acciones de Mejora Inmediata. Los entregables de este daign\u00f3stico son: Informe de Diagn\u00f3stico Matriz de riesgo Informe de Acciones de Mejora &hellip; Sector P\u00fablico Leer m\u00e1s &raquo;\" \/>\n<meta property=\"og:url\" content=\"https:\/\/xlibrium.cl\/publico\/sector-publico\/\" \/>\n<meta property=\"og:site_name\" content=\"Xlibrium Gesti\u00f3n Municipal\" \/>\n<meta property=\"article:modified_time\" content=\"2020-09-18T09:30:47+00:00\" \/>\n<meta property=\"og:image\" content=\"https:\/\/xlibrium.cl\/publico\/wp-content\/uploads\/2020\/02\/linea.png\" \/>\n<meta name=\"twitter:card\" content=\"summary_large_image\" \/>\n<script type=\"application\/ld+json\" class=\"yoast-schema-graph\">{\"@context\":\"https:\/\/schema.org\",\"@graph\":[{\"@type\":\"WebSite\",\"@id\":\"https:\/\/xlibrium.cl\/publico\/#website\",\"url\":\"https:\/\/xlibrium.cl\/publico\/\",\"name\":\"Xlibrium Gesti\\u00f3n Municipal\",\"description\":\"Consulting\",\"potentialAction\":[{\"@type\":\"SearchAction\",\"target\":\"https:\/\/xlibrium.cl\/publico\/?s={search_term_string}\",\"query-input\":\"required name=search_term_string\"}],\"inLanguage\":\"es\"},{\"@type\":\"ImageObject\",\"@id\":\"https:\/\/xlibrium.cl\/publico\/sector-publico\/#primaryimage\",\"inLanguage\":\"es\",\"url\":\"https:\/\/xlibrium.cl\/publico\/wp-content\/uploads\/2020\/02\/linea.png\",\"width\":120,\"height\":7},{\"@type\":\"WebPage\",\"@id\":\"https:\/\/xlibrium.cl\/publico\/sector-publico\/#webpage\",\"url\":\"https:\/\/xlibrium.cl\/publico\/sector-publico\/\",\"name\":\"Sector P\\u00fablico - Xlibrium Gesti\\u00f3n Municipal\",\"isPartOf\":{\"@id\":\"https:\/\/xlibrium.cl\/publico\/#website\"},\"primaryImageOfPage\":{\"@id\":\"https:\/\/xlibrium.cl\/publico\/sector-publico\/#primaryimage\"},\"datePublished\":\"2020-04-20T17:18:51+00:00\",\"dateModified\":\"2020-09-18T09:30:47+00:00\",\"inLanguage\":\"es\",\"potentialAction\":[{\"@type\":\"ReadAction\",\"target\":[\"https:\/\/xlibrium.cl\/publico\/sector-publico\/\"]}]}]}<\/script>\n<!-- \/ Yoast SEO plugin. -->","_links":{"self":[{"href":"https:\/\/xlibrium.cl\/publico\/wp-json\/wp\/v2\/pages\/231"}],"collection":[{"href":"https:\/\/xlibrium.cl\/publico\/wp-json\/wp\/v2\/pages"}],"about":[{"href":"https:\/\/xlibrium.cl\/publico\/wp-json\/wp\/v2\/types\/page"}],"author":[{"embeddable":true,"href":"https:\/\/xlibrium.cl\/publico\/wp-json\/wp\/v2\/users\/1"}],"replies":[{"embeddable":true,"href":"https:\/\/xlibrium.cl\/publico\/wp-json\/wp\/v2\/comments?post=231"}],"version-history":[{"count":5,"href":"https:\/\/xlibrium.cl\/publico\/wp-json\/wp\/v2\/pages\/231\/revisions"}],"predecessor-version":[{"id":729,"href":"https:\/\/xlibrium.cl\/publico\/wp-json\/wp\/v2\/pages\/231\/revisions\/729"}],"wp:attachment":[{"href":"https:\/\/xlibrium.cl\/publico\/wp-json\/wp\/v2\/media?parent=231"}],"curies":[{"name":"wp","href":"https:\/\/api.w.org\/{rel}","templated":true}]}}