{"id":6587,"date":"2017-07-11T16:01:36","date_gmt":"2017-07-11T16:01:36","guid":{"rendered":"http:\/\/xlibrium.webfactional.com\/?page_id=6587"},"modified":"2021-04-14T16:15:55","modified_gmt":"2021-04-14T16:15:55","slug":"servicios","status":"publish","type":"page","link":"https:\/\/xlibrium.cl\/privado\/servicios\/","title":{"rendered":"Servicios"},"content":{"rendered":"[vc_row type=\u00bbfull_width_background\u00bb full_screen_row_position=\u00bbmiddle\u00bb bg_image=\u00bb7384&#8243; bg_position=\u00bbleft top\u00bb bg_repeat=\u00bbno-repeat\u00bb parallax_bg=\u00bbtrue\u00bb parallax_bg_speed=\u00bbfixed\u00bb scene_position=\u00bbcenter\u00bb text_color=\u00bblight\u00bb text_align=\u00bbleft\u00bb top_padding=\u00bb40&#8243; bottom_padding=\u00bb70&#8243; overlay_strength=\u00bb0.3&#8243;][vc_column column_padding=\u00bbno-extra-padding\u00bb column_padding_position=\u00bball\u00bb background_color_opacity=\u00bb1&#8243; background_hover_color_opacity=\u00bb1&#8243; column_shadow=\u00bbnone\u00bb width=\u00bb1\/1&#8243; tablet_text_alignment=\u00bbdefault\u00bb phone_text_alignment=\u00bbdefault\u00bb column_border_width=\u00bbnone\u00bb column_border_style=\u00bbsolid\u00bb][vc_row_inner column_margin=\u00bbdefault\u00bb text_align=\u00bbleft\u00bb][vc_column_inner column_padding=\u00bbno-extra-padding\u00bb column_padding_position=\u00bball\u00bb background_color_opacity=\u00bb1&#8243; width=\u00bb1\/12&#8243; column_border_width=\u00bbnone\u00bb column_border_style=\u00bbsolid\u00bb][\/vc_column_inner][vc_column_inner column_padding=\u00bbpadding-4-percent\u00bb column_padding_position=\u00bball\u00bb background_color=\u00bb#ffffff\u00bb background_color_opacity=\u00bb0.7&#8243; font_color=\u00bb#0067ab\u00bb width=\u00bb5\/12&#8243; column_border_width=\u00bbnone\u00bb column_border_style=\u00bbsolid\u00bb][vc_column_text]\n<h2 class=\"p1\"><span class=\"s1\">MERCADO SANITARIO<\/span><\/h2>\n<p class=\"p1\" style=\"text-align: justify;\">La experiencia de XLIBRIUM en el sector sanitario, en especial en lo que se refiere a Gesti\u00f3n Tarifaria, aporta conocimiento y capacidad para colaborar y asesorar a las empresas del mercado de manera espec\u00edfica o integral, con foco en optimizar la rentabilidad (tarifas-costos) y el alineamiento con la estrategia corporativa.<\/p>\n[\/vc_column_text][\/vc_column_inner][vc_column_inner column_padding=\u00bbpadding-4-percent\u00bb column_padding_position=\u00bball\u00bb background_color=\u00bb#ffffff\u00bb background_color_opacity=\u00bb0.7&#8243; font_color=\u00bb#0067ab\u00bb width=\u00bb5\/12&#8243; column_border_width=\u00bbnone\u00bb column_border_style=\u00bbsolid\u00bb][vc_column_text]\n<h2 class=\"p1\"><span class=\"s1\">Ingenier\u00eda Econ\u00f3mica<\/span><\/h2>\n<p class=\"p1\" style=\"text-align: justify;\">El equipo de profesionales de XLIBRIUM posee el conocimiento, la habilidad y la experiencia para realizar estudios econ\u00f3micos que involucran Levantamiento, An\u00e1lisis y Gesti\u00f3n de Informaci\u00f3n orientada al Planeamiento Estrat\u00e9gico, Procesos, Desarrollo de Metodolog\u00edas, Evaluaciones (sociales-econ\u00f3micas), Auditor\u00edas y otros.<\/p>\n[\/vc_column_text][\/vc_column_inner][vc_column_inner column_padding=\u00bbno-extra-padding\u00bb column_padding_position=\u00bball\u00bb background_color_opacity=\u00bb1&#8243; width=\u00bb1\/12&#8243; column_border_width=\u00bbnone\u00bb column_border_style=\u00bbsolid\u00bb][\/vc_column_inner][\/vc_row_inner][vc_row_inner column_margin=\u00bbdefault\u00bb text_align=\u00bbleft\u00bb][vc_column_inner column_padding=\u00bbno-extra-padding\u00bb column_padding_position=\u00bball\u00bb background_color_opacity=\u00bb1&#8243; width=\u00bb1\/12&#8243; column_border_width=\u00bbnone\u00bb column_border_style=\u00bbsolid\u00bb][\/vc_column_inner][vc_column_inner column_padding=\u00bbpadding-4-percent\u00bb column_padding_position=\u00bball\u00bb background_color=\u00bb#ffffff\u00bb background_color_opacity=\u00bb0.7&#8243; font_color=\u00bb#0067ab\u00bb width=\u00bb5\/12&#8243; column_border_width=\u00bbnone\u00bb column_border_style=\u00bbsolid\u00bb][vc_column_text]\n<h2 class=\"p1\"><span class=\"s1\">FAVOX &#8211; ENCUESTAS ONLINE DENTRO DE LA EMPRESA<\/span><\/h2>\n<p class=\"p1\" style=\"text-align: justify;\">En alianza con la empresa alemana <a href=\"http:\/\/www.favoxchile.com\" target=\"_blank\" rel=\"noopener noreferrer\">FAVOX<\/a>, ponemos a vuestra disposici\u00f3n una eficaz herramienta de gesti\u00f3n, basada en una encuesta online aplicada a los empleados, que permite una valoraci\u00f3n del nivel de riesgo psicosocial y del clima laboral y as\u00ed mejorar la promoci\u00f3n y prevenci\u00f3n de la salud en la empresa.<\/p>\n<p>Usando soluciones espec\u00edficas de la industria, se pueden lograr mejoras\u00a0 positivas a largo plazo en el clima laboral y empresarial, el atractivo del empleador y la productividad.[\/vc_column_text][\/vc_column_inner][vc_column_inner column_padding=\u00bbno-extra-padding\u00bb column_padding_position=\u00bball\u00bb background_color_opacity=\u00bb1&#8243; width=\u00bb1\/12&#8243; column_border_width=\u00bbnone\u00bb column_border_style=\u00bbsolid\u00bb][\/vc_column_inner][\/vc_row_inner][\/vc_column][\/vc_row]\n","protected":false},"excerpt":{"rendered":"<p>[vc_row type=\u00bbfull_width_background\u00bb full_screen_row_position=\u00bbmiddle\u00bb bg_image=\u00bb7384&#8243; bg_position=\u00bbleft top\u00bb bg_repeat=\u00bbno-repeat\u00bb parallax_bg=\u00bbtrue\u00bb parallax_bg_speed=\u00bbfixed\u00bb scene_position=\u00bbcenter\u00bb text_color=\u00bblight\u00bb text_align=\u00bbleft\u00bb top_padding=\u00bb40&#8243; bottom_padding=\u00bb70&#8243; overlay_strength=\u00bb0.3&#8243;][vc_column column_padding=\u00bbno-extra-padding\u00bb column_padding_position=\u00bball\u00bb background_color_opacity=\u00bb1&#8243; background_hover_color_opacity=\u00bb1&#8243; column_shadow=\u00bbnone\u00bb width=\u00bb1\/1&#8243; tablet_text_alignment=\u00bbdefault\u00bb phone_text_alignment=\u00bbdefault\u00bb column_border_width=\u00bbnone\u00bb column_border_style=\u00bbsolid\u00bb][vc_row_inner column_margin=\u00bbdefault\u00bb text_align=\u00bbleft\u00bb][vc_column_inner column_padding=\u00bbno-extra-padding\u00bb column_padding_position=\u00bball\u00bb background_color_opacity=\u00bb1&#8243;&#8230;<\/p>\n","protected":false},"author":1,"featured_media":0,"parent":0,"menu_order":11,"comment_status":"closed","ping_status":"closed","template":"","meta":[],"_links":{"self":[{"href":"https:\/\/xlibrium.cl\/privado\/wp-json\/wp\/v2\/pages\/6587"}],"collection":[{"href":"https:\/\/xlibrium.cl\/privado\/wp-json\/wp\/v2\/pages"}],"about":[{"href":"https:\/\/xlibrium.cl\/privado\/wp-json\/wp\/v2\/types\/page"}],"author":[{"embeddable":true,"href":"https:\/\/xlibrium.cl\/privado\/wp-json\/wp\/v2\/users\/1"}],"replies":[{"embeddable":true,"href":"https:\/\/xlibrium.cl\/privado\/wp-json\/wp\/v2\/comments?post=6587"}],"version-history":[{"count":14,"href":"https:\/\/xlibrium.cl\/privado\/wp-json\/wp\/v2\/pages\/6587\/revisions"}],"predecessor-version":[{"id":7489,"href":"https:\/\/xlibrium.cl\/privado\/wp-json\/wp\/v2\/pages\/6587\/revisions\/7489"}],"wp:attachment":[{"href":"https:\/\/xlibrium.cl\/privado\/wp-json\/wp\/v2\/media?parent=6587"}],"curies":[{"name":"wp","href":"https:\/\/api.w.org\/{rel}","templated":true}]}}